{"id":952,"date":"2023-05-01T14:03:49","date_gmt":"2023-05-01T14:03:49","guid":{"rendered":"https:\/\/gestorscardona.com\/?page_id=952"},"modified":"2023-09-26T19:37:20","modified_gmt":"2023-09-26T19:37:20","slug":"articulocanjeue","status":"publish","type":"page","link":"https:\/\/gestorscardona.com\/index.php\/blog-2\/articulocanjeue\/","title":{"rendered":"Canje de Licencia UE"},"content":{"rendered":"<p>[et_pb_section fb_built=\u00bb1&#8243; _builder_version=\u00bb4.5.7&#8243; _module_preset=\u00bbdefault\u00bb custom_padding=\u00bb4px||2px|||\u00bb][et_pb_row _builder_version=\u00bb4.5.7&#8243; _module_preset=\u00bbdefault\u00bb][et_pb_column type=\u00bb4_4&#8243; _builder_version=\u00bb4.5.7&#8243; _module_preset=\u00bbdefault\u00bb][et_pb_text _builder_version=\u00bb4.5.7&#8243; _module_preset=\u00bbdefault\u00bb custom_margin=\u00bb||-7px|||\u00bb custom_padding=\u00bb||0px|||\u00bb]<\/p>\n<h2 style=\"text-align: center;\"><span style=\"color: #000000;\">CANJE DE LICENCIA DE CONDUCIR DE UN PA\u00cdS EUROPEO<\/span><\/h2>\n<p>[\/et_pb_text][\/et_pb_column][\/et_pb_row][et_pb_row _builder_version=\u00bb4.5.7&#8243; _module_preset=\u00bbdefault\u00bb custom_margin=\u00bb-5px|auto||auto||\u00bb custom_padding=\u00bb3px|||||\u00bb][et_pb_column type=\u00bb4_4&#8243; _builder_version=\u00bb4.5.7&#8243; _module_preset=\u00bbdefault\u00bb][et_pb_text _builder_version=\u00bb4.5.7&#8243; _module_preset=\u00bbdefault\u00bb custom_padding=\u00bb||0px|||\u00bb]<\/p>\n<p style=\"text-align: justify;\"><span style=\"color: #000000;\">En nuestro art\u00edculo anterior hablamos sobre c\u00f3mo se realiza el tramite de canje de licencia de conducir si es de un pa\u00eds no miembro de la Uni\u00f3n Europea, sobre los requisitos para que este tramite sea viable, documentos que se deben aportar e incluso como realizarlo sea por medio de una gestor\u00eda o por cuenta propia.<\/span><\/p>\n<p style=\"text-align: justify;\"><span style=\"color: #000000;\">En este articulo hablaremos sobre como se realiza este tramite si tienes un carnet de conducir de un pa\u00eds miembro de la uni\u00f3n europea, trataremos de darte toda la informaci\u00f3n posible sobre este tr\u00e1mite tan solicitado.<\/span><\/p>\n<p style=\"text-align: justify;\"><span style=\"color: #000000;\">Lo primero que se debe tener claro es que, si eres ciudadano europeo, tienes acceso a la libre circulaci\u00f3n dentro de la uni\u00f3n europea, lo que te permite movilizarte sin problemas por todos los pa\u00edses miembros sin necesidad de cambiar el carnet de conducir. Ahora bien, en el momento decides quedarte a vivir en Espa\u00f1a, debes comunicarlo y obtener el NIE Comunitario, a partir de ese momento debes cambiar tu carnet de conducir por el espa\u00f1ol.<\/span><\/p>\n<p>[\/et_pb_text][\/et_pb_column][\/et_pb_row][et_pb_row _builder_version=\u00bb4.5.7&#8243; _module_preset=\u00bbdefault\u00bb][et_pb_column type=\u00bb4_4&#8243; _builder_version=\u00bb4.5.7&#8243; _module_preset=\u00bbdefault\u00bb][et_pb_image src=\u00bbhttps:\/\/gestorscardona.com\/wp-content\/uploads\/2023\/01\/WhatsApp-Image-2022-11-27-at-11.16.17.jpeg\u00bb title_text=\u00bbWhatsApp Image 2022-11-27 at 11.16.17&#8243; align=\u00bbcenter\u00bb _builder_version=\u00bb4.5.7&#8243; _module_preset=\u00bbdefault\u00bb custom_margin=\u00bb-47px||-4px|||\u00bb custom_padding=\u00bb0px||0px|||\u00bb][\/et_pb_image][\/et_pb_column][\/et_pb_row][et_pb_row _builder_version=\u00bb4.5.7&#8243; _module_preset=\u00bbdefault\u00bb custom_padding=\u00bb0px||0px|||\u00bb][et_pb_column type=\u00bb4_4&#8243; _builder_version=\u00bb4.5.7&#8243; _module_preset=\u00bbdefault\u00bb][et_pb_text _builder_version=\u00bb4.5.7&#8243; _module_preset=\u00bbdefault\u00bb custom_margin=\u00bb-7px||-6px|||\u00bb]<\/p>\n<p style=\"text-align: justify;\"><span style=\"color: #000000;\">Los requisitos que debes cumplir para hacer este tr\u00e1mite son los siguientes:<\/span><\/p>\n<ul style=\"text-align: justify;\">\n<li><span style=\"color: #000000;\">Tener DNI o NIE vigente<\/span><\/li>\n<li><span style=\"color: #000000;\">Haber obtenido el carnet de conducir antes de vivir en Espa\u00f1a.<\/span><\/li>\n<\/ul>\n<p style=\"text-align: justify;\"><span style=\"color: #000000;\">A diferencia del canje de terceros pa\u00edses, si tu carnet esta caducado, puedes realizar el canje y renovaci\u00f3n dentro del mismo proceso, a continuaci\u00f3n, te indicaremos los aspectos que debes tener en cuenta para hacer el tramite tanto por cuenta propia como por medio de un Gestor de tr\u00e1fico:<\/span><\/p>\n<p style=\"text-align: justify;\"><span style=\"color: #000000;\"><u>Tr\u00e1mite por cuenta propia<\/u>:<\/span><\/p>\n<p style=\"text-align: justify;\"><span style=\"color: #000000;\">Cuando realizas este tramite por tu propia cuenta debes tener presente todos los documentos que debes llevar a la DGT el d\u00eda de la cita, de igual forma, saber que necesitas una cita para hacer el canje de licencia en la DGT.<\/span><\/p>\n<p style=\"text-align: justify;\"><span style=\"color: #000000;\">Respecto a la cita, \u00e9sta cita debe estar contestada por el pa\u00eds para el d\u00eda de presentaci\u00f3n, en caso de que esto no ocurra, perder\u00e1s la cita y deber\u00e1s volver a iniciar, sin importar que lleves todos los documentos al d\u00eda.<\/span><\/p>\n<p style=\"text-align: justify;\"><span style=\"color: #000000;\">Adicional a la cita, debes aportar los siguientes documentos:<\/span><\/p>\n<ul style=\"text-align: justify;\">\n<li><span style=\"color: #000000;\">Formulario de la DGT diligenciado correctamente<\/span><\/li>\n<li><span style=\"color: #000000;\">Fotograf\u00eda tipo carnet<\/span><\/li>\n<li><span style=\"color: #000000;\">Carnet de conducir en copia y original<\/span><\/li>\n<li><span style=\"color: #000000;\">NIE o DNI vigente<\/span><\/li>\n<li><span style=\"color: #000000;\">Certificado m\u00e9dico en caso de que necesites renovar el carnet de conducir tambi\u00e9n.<\/span><\/li>\n<\/ul>\n<p style=\"text-align: justify;\"><span style=\"color: #000000;\">Debes tener presente que la direcci\u00f3n aportada en los formularios de la DGT debe coincidir con la direcci\u00f3n de tu NIE\/DNI, en caso contrario, deber\u00e1s aportar padr\u00f3n actualizado.<\/span><\/p>\n<p style=\"text-align: justify;\"><span style=\"color: #000000;\">Dependiendo de la cita que te salga para la DGT, que est\u00e1 sea contestada y tengas todos los documentos al d\u00eda, el tr\u00e1mite realiz\u00e1ndolo por cuenta propia tiene un tiempo estimado de 3 a 4 meses.<\/span><\/p>\n<p style=\"text-align: justify;\"><span style=\"color: #000000;\">El mismo d\u00eda de la cita deber\u00e1s pagar una tasa, el coste depende de la categor\u00eda que vayas a canjear, as\u00ed mismo, si todo esta en orden, la DGT te dar\u00e1 un provisional de conducci\u00f3n con un tiempo de caducidad de 3 meses, mientras env\u00edan a tu domicilio el carnet original.<\/span><\/p>\n<p>[\/et_pb_text][\/et_pb_column][\/et_pb_row][et_pb_row _builder_version=\u00bb4.5.7&#8243; _module_preset=\u00bbdefault\u00bb][et_pb_column type=\u00bb4_4&#8243; _builder_version=\u00bb4.5.7&#8243; _module_preset=\u00bbdefault\u00bb][et_pb_image src=\u00bbhttps:\/\/gestorscardona.com\/wp-content\/uploads\/2023\/01\/61016475e4b52.r_d.271-221-0.jpeg\u00bb title_text=\u00bb61016475e4b52.r_d.271-221-0&#8243; align=\u00bbcenter\u00bb _builder_version=\u00bb4.5.7&#8243; _module_preset=\u00bbdefault\u00bb custom_margin=\u00bb-6px|||||\u00bb][\/et_pb_image][\/et_pb_column][\/et_pb_row][et_pb_row _builder_version=\u00bb4.5.7&#8243; _module_preset=\u00bbdefault\u00bb custom_padding=\u00bb||4px|||\u00bb][et_pb_column type=\u00bb4_4&#8243; _builder_version=\u00bb4.5.7&#8243; _module_preset=\u00bbdefault\u00bb][et_pb_text _builder_version=\u00bb4.5.7&#8243; _module_preset=\u00bbdefault\u00bb custom_margin=\u00bb-7px||-6px|||\u00bb]<\/p>\n<p style=\"text-align: justify;\"><span style=\"color: #000000;\"><u>Tr\u00e1mite por medio de un Gestor de Trafico<\/u>:<\/span><\/p>\n<p style=\"text-align: justify;\"><span style=\"color: #000000;\">Realizando este tramite por medio de un gestor de trafico con experiencia en canjes, es mucho mas sencillo para el cliente, ya que el Gestor se encarga de conseguir todos los documentos necesarios, de presentar de forma correcta el tramite en la DGT y hacer seguimiento a la respuesta del pa\u00eds a la cita.<\/span><\/p>\n<p style=\"text-align: justify;\"><span style=\"color: #000000;\">En caso de tener que presentar documentos adicionales, un Gestor puede hacerlo a lo largo del proceso, ya que la DGT revisa el tramite presentado y si falta algo lo comunica, d\u00e1ndole tiempo al gestor de aportar documentos adicionales sin tener que cancelar el tramite ni volver a iniciar.<\/span><\/p>\n<p style=\"text-align: justify;\"><span style=\"color: #000000;\">El tiempo promedio para finalizar cada tramite var\u00eda de 15 d\u00edas a 2 meses, dependiendo de la velocidad con la que el pa\u00eds conteste a la cita. Ya que, como Gestores, podemos presentar los documentos desde el mismo d\u00eda en que la cita es contestada, sin tener que esperar al d\u00eda de la cita como pasa cuando lo haces por tu propia cuenta.<\/span><\/p>\n<p style=\"text-align: justify;\"><span style=\"color: #000000;\">Si bien el coste de realizar este tramite por medio de un gestor administrativo ser\u00e1 m\u00e1s alto que realizarlo por tu cuenta, por el coste de gesti\u00f3n, adem\u00e1s, el tiempo de tramite es mucho menor y evitar\u00e1s perdidas de dinero en citas no contestadas o citas denegadas por no tener los documentos correspondientes.<\/span><\/p>\n<p style=\"text-align: justify;\"><span style=\"color: #000000;\">Estos son todos los aspectos que consideramos debes tener presente para realizar el tramite de canje de licencia si tu pa\u00eds es de la uni\u00f3n europea, tanto si lo haces por tu cuenta como si lo haces por medio de un gestor.<\/span><\/p>\n<p style=\"text-align: justify;\"><span style=\"color: #000000;\">Si tienes alguna duda, recuerda que puedes escribirnos a nuestro WhatsApp en donde tenemos servicios de asesor\u00eda en todo momento.<\/span><\/p>\n<p>&nbsp;[\/et_pb_text][et_pb_text _builder_version=\u00bb4.5.7&#8243; _module_preset=\u00bbdefault\u00bb custom_margin=\u00bb-8px||-5px|||\u00bb custom_padding=\u00bb1px|||||\u00bb]<\/p>\n<blockquote><p>&nbsp;<\/p>\n<p style=\"text-align: right;\"><span style=\"color: #000000;\">06 de mayo de 2023<\/span><\/p>\n<p style=\"text-align: right;\"><span style=\"color: #000000;\">Juan Sebasti\u00e1n Cardona Ramirez<\/span><\/p>\n<p style=\"text-align: right;\"><span style=\"color: #000000;\">Gestor Administrativo # 03917<\/span><\/p>\n<\/blockquote>\n<p>[\/et_pb_text][\/et_pb_column][\/et_pb_row][\/et_pb_section][et_pb_section fb_built=\u00bb1&#8243; _builder_version=\u00bb4.5.7&#8243; _module_preset=\u00bbdefault\u00bb custom_margin=\u00bb0px|||||\u00bb custom_padding=\u00bb1px||6px|||\u00bb locked=\u00bboff\u00bb][et_pb_row _builder_version=\u00bb4.5.7&#8243; _module_preset=\u00bbdefault\u00bb custom_padding=\u00bb||10px|||\u00bb][et_pb_column type=\u00bb4_4&#8243; _builder_version=\u00bb4.5.7&#8243; _module_preset=\u00bbdefault\u00bb][et_pb_text _builder_version=\u00bb4.5.7&#8243; _module_preset=\u00bbdefault\u00bb header_2_font=\u00bbTeko|||on|||||\u00bb header_2_text_align=\u00bbcenter\u00bb header_2_text_color=\u00bb#000000&#8243; header_2_font_size=\u00bb47px\u00bb custom_margin=\u00bb||1px|||\u00bb]<\/p>\n<h2 style=\"text-align: center;\">CONT\u00c1CTANOS<\/h2>\n<p>[\/et_pb_text][et_pb_text _builder_version=\u00bb4.5.7&#8243; _module_preset=\u00bbdefault\u00bb custom_margin=\u00bb||5px|||\u00bb custom_padding=\u00bb10px||0px||false|false\u00bb locked=\u00bboff\u00bb content__hover_enabled=\u00bbon|hover\u00bb]<\/p>\n<p style=\"text-align: justify;\"><span style=\"color: black;\">Si deseas una asesor\u00eda inmediata, cont\u00e1ctanos a nuestro canal de WhatsApp, tenemos un equipo de personas dispuestas a darte asesor\u00eda sobre el tramite que necesitas, este servicio esta incluido los fines de semana.<\/span><\/p>\n<p><o:p><\/o:p>[\/et_pb_text][et_pb_image src=\u00bbhttps:\/\/gestorscardona.com\/wp-content\/uploads\/2023\/01\/whatsapp-logo-1-removebg-preview.png\u00bb title_text=\u00bbwhatsapp-logo-1-removebg-preview\u00bb url=\u00bbhttps:\/\/wa.me\/message\/WZQHYIVC5XPJC1&#8243; url_new_window=\u00bbon\u00bb align=\u00bbcenter\u00bb _builder_version=\u00bb4.5.7&#8243; _module_preset=\u00bbdefault\u00bb transform_scale=\u00bb120%|120%\u00bb module_alignment=\u00bbcenter\u00bb min_height=\u00bb120px\u00bb height=\u00bb120px\u00bb max_height=\u00bb120px\u00bb custom_margin=\u00bb-2px||3px|||\u00bb custom_padding=\u00bb||0px|29px||\u00bb transform_styles__hover_enabled=\u00bbon|hover\u00bb transform_scale__hover_enabled=\u00bbon|hover\u00bb transform_translate__hover_enabled=\u00bbon|desktop\u00bb transform_rotate__hover_enabled=\u00bbon|desktop\u00bb transform_skew__hover_enabled=\u00bbon|desktop\u00bb transform_origin__hover_enabled=\u00bbon|desktop\u00bb transform_scale__hover=\u00bb122%|122%\u00bb][\/et_pb_image][et_pb_button button_url=\u00bbhttps:\/\/wa.me\/message\/WZQHYIVC5XPJC1&#8243; url_new_window=\u00bbon\u00bb button_text=\u00bbQUIERO UNA ASESOR\u00cdA\u00bb button_alignment=\u00bbcenter\u00bb _builder_version=\u00bb4.5.7&#8243; _module_preset=\u00bbdefault\u00bb][\/et_pb_button][\/et_pb_column][\/et_pb_row][\/et_pb_section][et_pb_section fb_built=\u00bb1&#8243; _builder_version=\u00bb4.5.7&#8243; _module_preset=\u00bbdefault\u00bb background_color=\u00bb#d6d6d6&#8243; custom_padding=\u00bb5px||4px|||\u00bb top_divider_style=\u00bbmountains2&#8243; top_divider_color=\u00bb#12876f\u00bb locked=\u00bboff\u00bb][et_pb_row column_structure=\u00bb1_3,1_3,1_3&#8243; _builder_version=\u00bb4.5.7&#8243; _module_preset=\u00bbdefault\u00bb custom_padding=\u00bb3px||7px|||\u00bb][et_pb_column type=\u00bb1_3&#8243; _builder_version=\u00bb4.5.7&#8243; _module_preset=\u00bbdefault\u00bb][et_pb_text _builder_version=\u00bb4.5.7&#8243; _module_preset=\u00bbdefault\u00bb text_font=\u00bbTeko|||on|||||\u00bb text_text_color=\u00bb#ffffff\u00bb text_font_size=\u00bb47px\u00bb header_text_align=\u00bbcenter\u00bb header_2_font=\u00bbTeko||||||||\u00bb header_2_text_align=\u00bbcenter\u00bb header_2_font_size=\u00bb47px\u00bb text_orientation=\u00bbcenter\u00bb custom_margin=\u00bb20px||15px||false|false\u00bb]<span style=\"color: #000000;\">S\u00cdGUENOS<\/span>[\/et_pb_text][\/et_pb_column][et_pb_column type=\u00bb1_3&#8243; _builder_version=\u00bb4.5.7&#8243; _module_preset=\u00bbdefault\u00bb][\/et_pb_column][et_pb_column type=\u00bb1_3&#8243; _builder_version=\u00bb4.5.7&#8243; _module_preset=\u00bbdefault\u00bb][et_pb_social_media_follow use_icon_font_size=\u00bbon\u00bb icon_font_size=\u00bb29px\u00bb _builder_version=\u00bb4.5.7&#8243; _module_preset=\u00bbdefault\u00bb text_orientation_tablet=\u00bb\u00bb text_orientation_phone=\u00bbcenter\u00bb text_orientation_last_edited=\u00bbon|phone\u00bb][et_pb_social_media_follow_network social_network=\u00bbfacebook\u00bb url=\u00bbhttps:\/\/www.facebook.com\/profile.php?id=100083682412142&#8243; _builder_version=\u00bb4.5.7&#8243; _module_preset=\u00bbdefault\u00bb background_color=\u00bb#3b5998&#8243; follow_button=\u00bboff\u00bb url_new_window=\u00bbon\u00bb]facebook[\/et_pb_social_media_follow_network][et_pb_social_media_follow_network social_network=\u00bbinstagram\u00bb url=\u00bbhttps:\/\/www.instagram.com\/gestoria_cardona\/\u00bb _builder_version=\u00bb4.5.7&#8243; _module_preset=\u00bbdefault\u00bb background_color=\u00bb#ea2c59&#8243; follow_button=\u00bboff\u00bb url_new_window=\u00bbon\u00bb]instagram[\/et_pb_social_media_follow_network][\/et_pb_social_media_follow][\/et_pb_column][\/et_pb_row][\/et_pb_section]<\/p>\n","protected":false},"excerpt":{"rendered":"<p>[et_pb_section fb_built=\u00bb1&#8243; _builder_version=\u00bb4.5.7&#8243; _module_preset=\u00bbdefault\u00bb custom_padding=\u00bb4px||2px|||\u00bb][et_pb_row _builder_version=\u00bb4.5.7&#8243; _module_preset=\u00bbdefault\u00bb][et_pb_column type=\u00bb4_4&#8243; _builder_version=\u00bb4.5.7&#8243; _module_preset=\u00bbdefault\u00bb][et_pb_text _builder_version=\u00bb4.5.7&#8243; _module_preset=\u00bbdefault\u00bb custom_margin=\u00bb||-7px|||\u00bb custom_padding=\u00bb||0px|||\u00bb] CANJE DE LICENCIA DE CONDUCIR DE UN PA\u00cdS EUROPEO [\/et_pb_text][\/et_pb_column][\/et_pb_row][et_pb_row _builder_version=\u00bb4.5.7&#8243; _module_preset=\u00bbdefault\u00bb custom_margin=\u00bb-5px|auto||auto||\u00bb custom_padding=\u00bb3px|||||\u00bb][et_pb_column type=\u00bb4_4&#8243; _builder_version=\u00bb4.5.7&#8243; _module_preset=\u00bbdefault\u00bb][et_pb_text _builder_version=\u00bb4.5.7&#8243; _module_preset=\u00bbdefault\u00bb custom_padding=\u00bb||0px|||\u00bb] En nuestro art\u00edculo anterior hablamos sobre c\u00f3mo se realiza el tramite de canje de licencia de conducir si es de un [&hellip;]<\/p>\n","protected":false},"author":1,"featured_media":0,"parent":916,"menu_order":2,"comment_status":"closed","ping_status":"closed","template":"","meta":{"_et_pb_use_builder":"on","_et_pb_old_content":"","_et_gb_content_width":"","footnotes":""},"class_list":["post-952","page","type-page","status-publish","hentry"],"_links":{"self":[{"href":"https:\/\/gestorscardona.com\/index.php\/wp-json\/wp\/v2\/pages\/952","targetHints":{"allow":["GET"]}}],"collection":[{"href":"https:\/\/gestorscardona.com\/index.php\/wp-json\/wp\/v2\/pages"}],"about":[{"href":"https:\/\/gestorscardona.com\/index.php\/wp-json\/wp\/v2\/types\/page"}],"author":[{"embeddable":true,"href":"https:\/\/gestorscardona.com\/index.php\/wp-json\/wp\/v2\/users\/1"}],"replies":[{"embeddable":true,"href":"https:\/\/gestorscardona.com\/index.php\/wp-json\/wp\/v2\/comments?post=952"}],"version-history":[{"count":14,"href":"https:\/\/gestorscardona.com\/index.php\/wp-json\/wp\/v2\/pages\/952\/revisions"}],"predecessor-version":[{"id":1022,"href":"https:\/\/gestorscardona.com\/index.php\/wp-json\/wp\/v2\/pages\/952\/revisions\/1022"}],"up":[{"embeddable":true,"href":"https:\/\/gestorscardona.com\/index.php\/wp-json\/wp\/v2\/pages\/916"}],"wp:attachment":[{"href":"https:\/\/gestorscardona.com\/index.php\/wp-json\/wp\/v2\/media?parent=952"}],"curies":[{"name":"wp","href":"https:\/\/api.w.org\/{rel}","templated":true}]}}