{"id":900,"date":"2023-04-16T14:29:24","date_gmt":"2023-04-16T14:29:24","guid":{"rendered":"https:\/\/gestorscardona.com\/?page_id=900"},"modified":"2023-09-26T19:37:02","modified_gmt":"2023-09-26T19:37:02","slug":"blog","status":"publish","type":"page","link":"https:\/\/gestorscardona.com\/index.php\/blog-2\/blog\/","title":{"rendered":"Canje de Licencia Terceros Pa\u00edses"},"content":{"rendered":"<p>[et_pb_section fb_built=\u00bb1&#8243; _builder_version=\u00bb4.5.7&#8243; _module_preset=\u00bbdefault\u00bb custom_padding=\u00bb4px||2px|||\u00bb][et_pb_row _builder_version=\u00bb4.5.7&#8243; _module_preset=\u00bbdefault\u00bb][et_pb_column type=\u00bb4_4&#8243; _builder_version=\u00bb4.5.7&#8243; _module_preset=\u00bbdefault\u00bb][et_pb_text _builder_version=\u00bb4.5.7&#8243; _module_preset=\u00bbdefault\u00bb custom_margin=\u00bb||-7px|||\u00bb custom_padding=\u00bb||0px|||\u00bb]<\/p>\n<h2 style=\"text-align: center;\"><span style=\"color: #000000;\">CANJE DE LICENCIA DE CONDUCIR DE UN PAIS FUERA DE LA UE<\/span><\/h2>\n<p>[\/et_pb_text][\/et_pb_column][\/et_pb_row][et_pb_row _builder_version=\u00bb4.5.7&#8243; _module_preset=\u00bbdefault\u00bb custom_margin=\u00bb-5px|auto||auto||\u00bb custom_padding=\u00bb3px|||||\u00bb][et_pb_column type=\u00bb4_4&#8243; _builder_version=\u00bb4.5.7&#8243; _module_preset=\u00bbdefault\u00bb][et_pb_text _builder_version=\u00bb4.5.7&#8243; _module_preset=\u00bbdefault\u00bb custom_padding=\u00bb||0px|||\u00bb]<\/p>\n<p style=\"text-align: justify;\"><span style=\"color: #000000;\">Si eres extranjero y te encuentras actualmente viviendo en Espa\u00f1a, uno de los tr\u00e1mites mas importantes que debes realizar una vez obtienes la residencia, es hacer el canje de licencia de conducir.<\/span><\/p>\n<p style=\"text-align: justify;\"><span style=\"color: #000000;\">Sea por cuestiones laborales o de ocio, realizar el canje de tu licencia de conducir es uno de los tr\u00e1mites mas buscados por los extranjeros en Espa\u00f1a, ya que esto te permite ahorrarte el coste y tiempo de realizar el curso de conducci\u00f3n en una autoescuela.<\/span><\/p>\n<p style=\"text-align: justify;\"><span style=\"color: #000000;\">La DGT tiene una serie de convenios y requisitos a pedir para cada pa\u00eds dependiendo del convenio que tenga con cada uno, y de si este pa\u00eds pertenece o no a la UE. En este articulo hablaremos sobre c\u00f3mo realizar el tr\u00e1mite de canje de licencia de conducir si vienes de un pa\u00eds que no pertenece a la UE.<\/span><\/p>\n<p style=\"text-align: justify;\"><span style=\"color: #000000;\">Lo primero que de debes tener en cuenta a la hora de hacer el canje de licencia es identificar si tu pa\u00eds tiene o no convenio con la DGT para hacer este tr\u00e1mite, el listado de estos pa\u00edses lo puedes confirmar en la pagina web de la DGT.<\/span><\/p>\n<p style=\"text-align: justify;\"><span style=\"color: #000000;\">Una vez tengas claro que tu pa\u00eds te permite realizar este tr\u00e1mite, debes tener presentes los requisitos para realizarlo, los cuales son:<\/span><\/p>\n<ul style=\"text-align: justify;\">\n<li><span style=\"color: #000000;\">Tener residencia vigente (NIE o DNI).<\/span><\/li>\n<li><span style=\"color: #000000;\">Tener el carnet de conducir vigente.<\/span><\/li>\n<li><span style=\"color: #000000;\">Haber obtenido el carnet de conducir antes de venir a vivir a Espa\u00f1a.<\/span><\/li>\n<\/ul>\n<p style=\"text-align: justify;\"><span style=\"color: #000000;\">Sobre estos requisitos debes tener presente:<\/span><\/p>\n<ul style=\"text-align: justify;\">\n<li><span style=\"color: #000000;\">Es importante que tengas tu residencia vigente, puedes aportar copia de tu NIE, DNI, documento de toma de huellas o incluso resoluci\u00f3n conforme se te ha dado la residencia legal en Espa\u00f1a.<\/span><\/li>\n<li><span style=\"color: #000000;\">El carnet de conducir debe estar vigente, en caso de que haya caducado puedes tramitar la renovaci\u00f3n sea con tu embajada o pa\u00eds y posteriormente tramitar el canje de licencia aportando un hist\u00f3rico que demuestre que obtuviste tu carnet de conducir antes de venir a vivir a Espa\u00f1a, ya que muchas renovaciones del carnet modifican la fecha de obtenci\u00f3n de este y ponen la nueva fecha de renovaci\u00f3n.<\/span><\/li>\n<\/ul>\n<p style=\"text-align: justify;\"><span style=\"color: #000000;\"><\/span><\/p>\n<p>[\/et_pb_text][\/et_pb_column][\/et_pb_row][et_pb_row _builder_version=\u00bb4.5.7&#8243; _module_preset=\u00bbdefault\u00bb][et_pb_column type=\u00bb4_4&#8243; _builder_version=\u00bb4.5.7&#8243; _module_preset=\u00bbdefault\u00bb][et_pb_image src=\u00bbhttps:\/\/gestorscardona.com\/wp-content\/uploads\/2023\/01\/WhatsApp-Image-2022-11-27-at-11.16.18-2-3.jpeg\u00bb title_text=\u00bbWhatsApp Image 2022-11-27 at 11.16.18 (2)\u00bb _builder_version=\u00bb4.5.7&#8243; _module_preset=\u00bbdefault\u00bb custom_margin=\u00bb-47px||-4px|||\u00bb custom_padding=\u00bb0px||0px|||\u00bb][\/et_pb_image][\/et_pb_column][\/et_pb_row][et_pb_row _builder_version=\u00bb4.5.7&#8243; _module_preset=\u00bbdefault\u00bb custom_padding=\u00bb0px||0px|||\u00bb][et_pb_column type=\u00bb4_4&#8243; _builder_version=\u00bb4.5.7&#8243; _module_preset=\u00bbdefault\u00bb][et_pb_text _builder_version=\u00bb4.5.7&#8243; _module_preset=\u00bbdefault\u00bb custom_margin=\u00bb-7px||-6px|||\u00bb]<\/p>\n<p style=\"text-align: justify;\"><span style=\"color: #000000;\">En el momento en que te asegures de cumplir con los requisitos, debes reunir los documentos necesarios para hacer el tr\u00e1mite, en este punto puedes hacer el canje de licencia de dos formas, por tu propia cuenta o por medio de un gestor. Te explicaremos como se hace este tramite de las dos formas:<\/span><\/p>\n<p style=\"text-align: justify;\"><span style=\"color: #000000;\"><u>Tr\u00e1mite por medio de un Gestor Administrativo:<\/u><\/span><\/p>\n<p style=\"text-align: justify;\"><span style=\"color: #000000;\">La opci\u00f3n de realizar este tr\u00e1mite por medio de un gestor de trafico es tal vez la opci\u00f3n m\u00e1s f\u00e1cil para una persona porque te despreocupas de todos los documentos, tasas, citas y formatos a diligenciar, ya que, en el caso de nosotros como Gestores, nos encargamos de todo el proceso.<\/span><\/p>\n<p style=\"text-align: justify;\"><span style=\"color: #000000;\">El gestor que realice tu tr\u00e1mite, elaborar\u00e1 todos los documentos y har\u00e1 la gesti\u00f3n de pedir las citas para hacer tu canje, adem\u00e1s estar\u00e1 pendiente de la aprobaci\u00f3n de la cita por tu pa\u00eds. En caso de que esta no se aceptada, se har\u00e1n intentos adicionales para hacer el canje sin que esto tenga un coste adicional.<\/span><\/p>\n<p style=\"text-align: justify;\"><span style=\"color: #000000;\">En caso de que la cita sea aceptada, el Gestor se puede presentar con antelaci\u00f3n y entregar los documentos ganando as\u00ed tiempo de tr\u00e1mite porque el canje terminar\u00e1 mucho m\u00e1s r\u00e1pido. Opci\u00f3n que no tendr\u00e1s si haces el canje por cuenta propia ya que deber\u00e1s esperar al d\u00eda de tu cita.<\/span><\/p>\n<p style=\"text-align: justify;\"><span style=\"color: #000000;\"><u>Tr\u00e1mite por cuenta propia: <\/u><\/span><\/p>\n<p style=\"text-align: justify;\"><span style=\"color: #000000;\">Si te parece mejor la idea de hacer este tr\u00e1mite por cuenta propia, debes tener presente que los documentos que vas a necesitar son los siguientes:<\/span><\/p>\n<ul style=\"text-align: justify;\">\n<li><span style=\"color: #000000;\">Formato de la DGT conforme solicitas el canje.<\/span><\/li>\n<li><span style=\"color: #000000;\">Copia del NIE.<\/span><\/li>\n<li><span style=\"color: #000000;\">Copia del carnet de conducir.<\/span><\/li>\n<li><span style=\"color: #000000;\">Fotograf\u00eda tipo carnet.<\/span><\/li>\n<li><span style=\"color: #000000;\">Certificado m\u00e9dico.<\/span><\/li>\n<li><span style=\"color: #000000;\">Certificado de residencia.<\/span><\/li>\n<\/ul>\n<p>[\/et_pb_text][\/et_pb_column][\/et_pb_row][et_pb_row _builder_version=\u00bb4.5.7&#8243; _module_preset=\u00bbdefault\u00bb][et_pb_column type=\u00bb4_4&#8243; _builder_version=\u00bb4.5.7&#8243; _module_preset=\u00bbdefault\u00bb][et_pb_image src=\u00bbhttps:\/\/gestorscardona.com\/wp-content\/uploads\/2023\/01\/automatizar_administracion_Datisa.jpg\u00bb title_text=\u00bbautomatizar_administracion_Datisa\u00bb align=\u00bbcenter\u00bb _builder_version=\u00bb4.5.7&#8243; _module_preset=\u00bbdefault\u00bb custom_margin=\u00bb-6px|||||\u00bb][\/et_pb_image][\/et_pb_column][\/et_pb_row][et_pb_row _builder_version=\u00bb4.5.7&#8243; _module_preset=\u00bbdefault\u00bb custom_padding=\u00bb||4px|||\u00bb][et_pb_column type=\u00bb4_4&#8243; _builder_version=\u00bb4.5.7&#8243; _module_preset=\u00bbdefault\u00bb][et_pb_text _builder_version=\u00bb4.5.7&#8243; _module_preset=\u00bbdefault\u00bb custom_margin=\u00bb||-5px|||\u00bb]<\/p>\n<p style=\"text-align: justify;\"><span style=\"color: #000000;\">Dependiendo del pa\u00eds que sea tu carnet de conducir, la DGT puede pedir documentos adicionales seg\u00fan convenio, debes tener presente que estos son los documentos que debes aportar el d\u00eda de la cita en la DGT, ese mismo d\u00eda deber\u00e1s pagar una tasa y firmar formatos adicionales.<\/span><\/p>\n<p style=\"text-align: justify;\"><span style=\"color: #000000;\">A nuestro punto de vista, los inconvenientes de realizar este tr\u00e1mite por cuenta propia son las dificultades que se presentan para obtener la cita en la DGT y para obtener el certificado de residencia, ya que generalmente el sistema de citas est\u00e1 colapsado y suelen darlas a muchos meses de tiempo.<\/span><\/p>\n<p style=\"text-align: justify;\"><span style=\"color: #000000;\">Tambi\u00e9n se debe tener presente que cuando se tiene la cita en la DGT, esta debe ser aprobada por tu pa\u00eds, si para el momento de la cita, \u00e9sta no ha sido contestada, se perder\u00e1 la cita y deber\u00e1s volver a empezar el tr\u00e1mite, incluso volviendo a sacar certificados medico o de residencia seg\u00fan se hayan caducado.<\/span><\/p>\n<p style=\"text-align: justify;\"><span style=\"color: #000000;\">Estos son todos los aspectos que debes tener presentes para realizar el tr\u00e1mite de canje de licencia cuando tienes un carnet de conducir de un pa\u00eds no miembro de la uni\u00f3n europea, sea que lo hagas por tu propia cuenta o por medio de un gestor.<\/span><\/p>\n<blockquote>\n<p style=\"text-align: right;\"><span style=\"color: #000000;\">16 de abril de 2023<\/span><\/p>\n<p style=\"text-align: right;\"><span style=\"color: #000000;\">Juan Sebasti\u00e1n Cardona Ramirez<\/span><\/p>\n<p style=\"text-align: right;\"><span style=\"color: #000000;\">Gestor Administrativo # 03917<\/span><\/p>\n<\/blockquote>\n<p>[\/et_pb_text][\/et_pb_column][\/et_pb_row][\/et_pb_section][et_pb_section fb_built=\u00bb1&#8243; _builder_version=\u00bb4.5.7&#8243; _module_preset=\u00bbdefault\u00bb custom_margin=\u00bb0px|||||\u00bb custom_padding=\u00bb1px||6px|||\u00bb locked=\u00bboff\u00bb][et_pb_row _builder_version=\u00bb4.5.7&#8243; _module_preset=\u00bbdefault\u00bb custom_padding=\u00bb||10px|||\u00bb][et_pb_column type=\u00bb4_4&#8243; _builder_version=\u00bb4.5.7&#8243; _module_preset=\u00bbdefault\u00bb][et_pb_text _builder_version=\u00bb4.5.7&#8243; _module_preset=\u00bbdefault\u00bb header_2_font=\u00bbTeko|||on|||||\u00bb header_2_text_align=\u00bbcenter\u00bb header_2_text_color=\u00bb#000000&#8243; header_2_font_size=\u00bb47px\u00bb custom_margin=\u00bb||1px|||\u00bb]<\/p>\n<h2 style=\"text-align: center;\">CONT\u00c1CTANOS<\/h2>\n<p>[\/et_pb_text][et_pb_text _builder_version=\u00bb4.5.7&#8243; _module_preset=\u00bbdefault\u00bb custom_margin=\u00bb||5px|||\u00bb custom_padding=\u00bb10px||0px||false|false\u00bb locked=\u00bboff\u00bb content__hover_enabled=\u00bbon|hover\u00bb]<\/p>\n<p style=\"text-align: justify;\"><span style=\"color: black;\">Si deseas una asesor\u00eda inmediata, cont\u00e1ctanos a nuestro canal de WhatsApp, tenemos un equipo de personas dispuestas a darte asesor\u00eda sobre el tramite que necesitas, este servicio esta incluido los fines de semana.<\/span><\/p>\n<p><o:p><\/o:p>[\/et_pb_text][et_pb_image src=\u00bbhttps:\/\/gestorscardona.com\/wp-content\/uploads\/2023\/01\/whatsapp-logo-1-removebg-preview.png\u00bb title_text=\u00bbwhatsapp-logo-1-removebg-preview\u00bb url=\u00bbhttps:\/\/wa.me\/message\/WZQHYIVC5XPJC1&#8243; url_new_window=\u00bbon\u00bb align=\u00bbcenter\u00bb _builder_version=\u00bb4.5.7&#8243; _module_preset=\u00bbdefault\u00bb transform_scale=\u00bb120%|120%\u00bb module_alignment=\u00bbcenter\u00bb min_height=\u00bb120px\u00bb height=\u00bb120px\u00bb max_height=\u00bb120px\u00bb custom_margin=\u00bb-2px||3px|||\u00bb custom_padding=\u00bb||0px|29px||\u00bb transform_styles__hover_enabled=\u00bbon|hover\u00bb transform_scale__hover_enabled=\u00bbon|hover\u00bb transform_translate__hover_enabled=\u00bbon|desktop\u00bb transform_rotate__hover_enabled=\u00bbon|desktop\u00bb transform_skew__hover_enabled=\u00bbon|desktop\u00bb transform_origin__hover_enabled=\u00bbon|desktop\u00bb transform_scale__hover=\u00bb122%|122%\u00bb][\/et_pb_image][et_pb_button button_url=\u00bbhttps:\/\/wa.me\/message\/WZQHYIVC5XPJC1&#8243; url_new_window=\u00bbon\u00bb button_text=\u00bbQUIERO UNA ASESOR\u00cdA\u00bb button_alignment=\u00bbcenter\u00bb _builder_version=\u00bb4.5.7&#8243; _module_preset=\u00bbdefault\u00bb][\/et_pb_button][\/et_pb_column][\/et_pb_row][\/et_pb_section][et_pb_section fb_built=\u00bb1&#8243; _builder_version=\u00bb4.5.7&#8243; _module_preset=\u00bbdefault\u00bb background_color=\u00bb#d6d6d6&#8243; custom_padding=\u00bb5px||4px|||\u00bb top_divider_style=\u00bbmountains2&#8243; top_divider_color=\u00bb#12876f\u00bb locked=\u00bboff\u00bb][et_pb_row column_structure=\u00bb1_3,1_3,1_3&#8243; _builder_version=\u00bb4.5.7&#8243; _module_preset=\u00bbdefault\u00bb custom_padding=\u00bb3px||7px|||\u00bb][et_pb_column type=\u00bb1_3&#8243; _builder_version=\u00bb4.5.7&#8243; _module_preset=\u00bbdefault\u00bb][et_pb_text _builder_version=\u00bb4.5.7&#8243; _module_preset=\u00bbdefault\u00bb text_font=\u00bbTeko|||on|||||\u00bb text_text_color=\u00bb#ffffff\u00bb text_font_size=\u00bb47px\u00bb header_text_align=\u00bbcenter\u00bb header_2_font=\u00bbTeko||||||||\u00bb header_2_text_align=\u00bbcenter\u00bb header_2_font_size=\u00bb47px\u00bb text_orientation=\u00bbcenter\u00bb custom_margin=\u00bb20px||15px||false|false\u00bb]<span style=\"color: #000000;\">S\u00cdGUENOS<\/span>[\/et_pb_text][\/et_pb_column][et_pb_column type=\u00bb1_3&#8243; _builder_version=\u00bb4.5.7&#8243; _module_preset=\u00bbdefault\u00bb][\/et_pb_column][et_pb_column type=\u00bb1_3&#8243; _builder_version=\u00bb4.5.7&#8243; _module_preset=\u00bbdefault\u00bb][et_pb_social_media_follow use_icon_font_size=\u00bbon\u00bb icon_font_size=\u00bb29px\u00bb _builder_version=\u00bb4.5.7&#8243; _module_preset=\u00bbdefault\u00bb text_orientation_tablet=\u00bb\u00bb text_orientation_phone=\u00bbcenter\u00bb text_orientation_last_edited=\u00bbon|phone\u00bb][et_pb_social_media_follow_network social_network=\u00bbfacebook\u00bb url=\u00bbhttps:\/\/www.facebook.com\/profile.php?id=100083682412142&#8243; _builder_version=\u00bb4.5.7&#8243; _module_preset=\u00bbdefault\u00bb background_color=\u00bb#3b5998&#8243; follow_button=\u00bboff\u00bb url_new_window=\u00bbon\u00bb]facebook[\/et_pb_social_media_follow_network][et_pb_social_media_follow_network social_network=\u00bbinstagram\u00bb url=\u00bbhttps:\/\/www.instagram.com\/gestoria_cardona\/\u00bb _builder_version=\u00bb4.5.7&#8243; _module_preset=\u00bbdefault\u00bb background_color=\u00bb#ea2c59&#8243; follow_button=\u00bboff\u00bb url_new_window=\u00bbon\u00bb]instagram[\/et_pb_social_media_follow_network][\/et_pb_social_media_follow][\/et_pb_column][\/et_pb_row][\/et_pb_section]<\/p>\n","protected":false},"excerpt":{"rendered":"<p>[et_pb_section fb_built=\u00bb1&#8243; _builder_version=\u00bb4.5.7&#8243; _module_preset=\u00bbdefault\u00bb custom_padding=\u00bb4px||2px|||\u00bb][et_pb_row _builder_version=\u00bb4.5.7&#8243; _module_preset=\u00bbdefault\u00bb][et_pb_column type=\u00bb4_4&#8243; _builder_version=\u00bb4.5.7&#8243; _module_preset=\u00bbdefault\u00bb][et_pb_text _builder_version=\u00bb4.5.7&#8243; _module_preset=\u00bbdefault\u00bb custom_margin=\u00bb||-7px|||\u00bb custom_padding=\u00bb||0px|||\u00bb] CANJE DE LICENCIA DE CONDUCIR DE UN PAIS FUERA DE LA UE [\/et_pb_text][\/et_pb_column][\/et_pb_row][et_pb_row _builder_version=\u00bb4.5.7&#8243; _module_preset=\u00bbdefault\u00bb custom_margin=\u00bb-5px|auto||auto||\u00bb custom_padding=\u00bb3px|||||\u00bb][et_pb_column type=\u00bb4_4&#8243; _builder_version=\u00bb4.5.7&#8243; _module_preset=\u00bbdefault\u00bb][et_pb_text _builder_version=\u00bb4.5.7&#8243; _module_preset=\u00bbdefault\u00bb custom_padding=\u00bb||0px|||\u00bb] Si eres extranjero y te encuentras actualmente viviendo en Espa\u00f1a, uno de los tr\u00e1mites mas importantes que debes [&hellip;]<\/p>\n","protected":false},"author":1,"featured_media":0,"parent":916,"menu_order":1,"comment_status":"closed","ping_status":"closed","template":"","meta":{"_et_pb_use_builder":"on","_et_pb_old_content":"","_et_gb_content_width":"","footnotes":""},"class_list":["post-900","page","type-page","status-publish","hentry"],"_links":{"self":[{"href":"https:\/\/gestorscardona.com\/index.php\/wp-json\/wp\/v2\/pages\/900","targetHints":{"allow":["GET"]}}],"collection":[{"href":"https:\/\/gestorscardona.com\/index.php\/wp-json\/wp\/v2\/pages"}],"about":[{"href":"https:\/\/gestorscardona.com\/index.php\/wp-json\/wp\/v2\/types\/page"}],"author":[{"embeddable":true,"href":"https:\/\/gestorscardona.com\/index.php\/wp-json\/wp\/v2\/users\/1"}],"replies":[{"embeddable":true,"href":"https:\/\/gestorscardona.com\/index.php\/wp-json\/wp\/v2\/comments?post=900"}],"version-history":[{"count":17,"href":"https:\/\/gestorscardona.com\/index.php\/wp-json\/wp\/v2\/pages\/900\/revisions"}],"predecessor-version":[{"id":1021,"href":"https:\/\/gestorscardona.com\/index.php\/wp-json\/wp\/v2\/pages\/900\/revisions\/1021"}],"up":[{"embeddable":true,"href":"https:\/\/gestorscardona.com\/index.php\/wp-json\/wp\/v2\/pages\/916"}],"wp:attachment":[{"href":"https:\/\/gestorscardona.com\/index.php\/wp-json\/wp\/v2\/media?parent=900"}],"curies":[{"name":"wp","href":"https:\/\/api.w.org\/{rel}","templated":true}]}}