{"id":871,"date":"2023-04-15T17:33:47","date_gmt":"2023-04-15T17:33:47","guid":{"rendered":"https:\/\/gestorscardona.com\/?page_id=871"},"modified":"2023-09-26T19:36:14","modified_gmt":"2023-09-26T19:36:14","slug":"cintern","status":"publish","type":"page","link":"https:\/\/gestorscardona.com\/index.php\/tramites\/cintern\/","title":{"rendered":"Carnet Internacional"},"content":{"rendered":"<p>[et_pb_section fb_built=\u00bb1&#8243; _builder_version=\u00bb4.5.7&#8243; _module_preset=\u00bbdefault\u00bb custom_padding=\u00bb6px||0px|||\u00bb][et_pb_row column_structure=\u00bb1_2,1_2&#8243; _builder_version=\u00bb4.5.7&#8243; _module_preset=\u00bbdefault\u00bb custom_padding=\u00bb||5px|||\u00bb][et_pb_column type=\u00bb1_2&#8243; _builder_version=\u00bb4.5.7&#8243; _module_preset=\u00bbdefault\u00bb][et_pb_image src=\u00bbhttps:\/\/gestorscardona.com\/wp-content\/uploads\/2023\/04\/8.png\u00bb title_text=\u00bb8&#8243; _builder_version=\u00bb4.5.7&#8243; _module_preset=\u00bbdefault\u00bb][\/et_pb_image][\/et_pb_column][et_pb_column type=\u00bb1_2&#8243; _builder_version=\u00bb4.5.7&#8243; _module_preset=\u00bbdefault\u00bb][et_pb_button button_url=\u00bbhttps:\/\/wa.me\/message\/WZQHYIVC5XPJC1&#8243; url_new_window=\u00bbon\u00bb button_text=\u00bbQUIERO UNA ASESOR\u00cdA\u00bb button_alignment=\u00bbcenter\u00bb _builder_version=\u00bb4.5.7&#8243; _module_preset=\u00bbdefault\u00bb][\/et_pb_button][et_pb_text _builder_version=\u00bb4.5.7&#8243; _module_preset=\u00bbdefault\u00bb]<\/p>\n<p style=\"text-align: justify;\"><span style=\"color: #000000;\">Si necesitas obtener el carnet internacional, que te permite conducir en pa\u00edses extranjeros, podemos ayudarte con la gesti\u00f3n.<\/span><\/p>\n<p style=\"text-align: justify;\"><span style=\"color: #000000;\">\u23f1\ufe0f El tr\u00e1mite tiene un tiempo estimado de 15 d\u00edas.<\/span><\/p>\n<p style=\"text-align: justify;\"><span style=\"color: #000000;\">Los documentos que necesitas para iniciar el proceso son:<\/span><\/p>\n<p><span style=\"color: #000000;\">\ud83d\udc64Foto tipo carnet.<\/span><br \/> <span style=\"color: #000000;\"> \ud83d\udcc4\u200aCopia del NIE\/DNI<\/span><br \/> <span style=\"color: #000000;\"> \ud83d\ude97Copia del carnet de conducir o provisional.<\/span><\/p>\n<p style=\"text-align: justify;\"><span style=\"color: #000000;\">El tr\u00e1mite<strong><u> incluye toda la gesti\u00f3n, tasas y acompa\u00f1amiento a lo largo del proceso, hasta que tengas el carnet de conducir internacional en tus manos.<\/u><\/strong><\/span><\/p>\n<p style=\"text-align: justify;\"><span style=\"color: #000000;\"><strong><u><\/u><\/strong><\/span><\/p>\n<ul>\n<li><span style=\"color: #000000;\">Te invitamos a que nos escribas a nuestro WhatsApp para que resuelvas tus inquietudes.<\/span><\/li>\n<li><span style=\"color: #000000;\">\u00a1Si quieres tu carnet internacional, escr\u00edbenos!<\/span><\/li>\n<\/ul>\n<p>[\/et_pb_text][\/et_pb_column][\/et_pb_row][\/et_pb_section][et_pb_section fb_built=\u00bb1&#8243; _builder_version=\u00bb4.5.7&#8243; _module_preset=\u00bbdefault\u00bb custom_margin=\u00bb-5px|||||\u00bb custom_padding=\u00bb1px||6px|||\u00bb locked=\u00bboff\u00bb][et_pb_row _builder_version=\u00bb4.5.7&#8243; _module_preset=\u00bbdefault\u00bb custom_padding=\u00bb||10px|||\u00bb][et_pb_column type=\u00bb4_4&#8243; _builder_version=\u00bb4.5.7&#8243; _module_preset=\u00bbdefault\u00bb][et_pb_text _builder_version=\u00bb4.5.7&#8243; _module_preset=\u00bbdefault\u00bb header_2_font=\u00bbTeko|||on|||||\u00bb header_2_text_align=\u00bbcenter\u00bb header_2_text_color=\u00bb#000000&#8243; header_2_font_size=\u00bb47px\u00bb custom_margin=\u00bb||1px|||\u00bb]<\/p>\n<h2 style=\"text-align: center;\">CONT\u00c1CTANOS<\/h2>\n<p>[\/et_pb_text][et_pb_text _builder_version=\u00bb4.5.7&#8243; _module_preset=\u00bbdefault\u00bb custom_margin=\u00bb||5px|||\u00bb custom_padding=\u00bb10px||0px||false|false\u00bb locked=\u00bboff\u00bb content__hover_enabled=\u00bbon|hover\u00bb]<\/p>\n<p style=\"text-align: justify;\"><span style=\"color: black;\">Si deseas una asesor\u00eda inmediata, cont\u00e1ctanos a nuestro canal de WhatsApp, tenemos un equipo de personas dispuestas a darte asesor\u00eda sobre el tr\u00e1mite que necesitas, este servicio esta incluido los fines de semana.<\/span><\/p>\n<p><o:p><\/o:p>[\/et_pb_text][et_pb_image src=\u00bbhttps:\/\/gestorscardona.com\/wp-content\/uploads\/2023\/01\/whatsapp-logo-1-removebg-preview.png\u00bb title_text=\u00bbwhatsapp-logo-1-removebg-preview\u00bb url=\u00bbhttps:\/\/wa.me\/message\/WZQHYIVC5XPJC1&#8243; url_new_window=\u00bbon\u00bb align=\u00bbcenter\u00bb _builder_version=\u00bb4.5.7&#8243; _module_preset=\u00bbdefault\u00bb transform_scale=\u00bb120%|120%\u00bb module_alignment=\u00bbcenter\u00bb min_height=\u00bb120px\u00bb height=\u00bb120px\u00bb max_height=\u00bb120px\u00bb custom_margin=\u00bb-2px||3px|||\u00bb custom_padding=\u00bb||0px|||\u00bb transform_styles__hover_enabled=\u00bbon|hover\u00bb transform_scale__hover_enabled=\u00bbon|hover\u00bb transform_translate__hover_enabled=\u00bbon|desktop\u00bb transform_rotate__hover_enabled=\u00bbon|desktop\u00bb transform_skew__hover_enabled=\u00bbon|desktop\u00bb transform_origin__hover_enabled=\u00bbon|desktop\u00bb transform_scale__hover=\u00bb122%|122%\u00bb][\/et_pb_image][et_pb_button button_url=\u00bbhttps:\/\/wa.me\/message\/WZQHYIVC5XPJC1&#8243; url_new_window=\u00bbon\u00bb button_text=\u00bbQUIERO UNA ASESOR\u00cdA\u00bb button_alignment=\u00bbcenter\u00bb _builder_version=\u00bb4.5.7&#8243; _module_preset=\u00bbdefault\u00bb][\/et_pb_button][\/et_pb_column][\/et_pb_row][\/et_pb_section][et_pb_section fb_built=\u00bb1&#8243; _builder_version=\u00bb4.5.7&#8243; _module_preset=\u00bbdefault\u00bb background_color=\u00bb#d6d6d6&#8243; custom_padding=\u00bb5px||4px|||\u00bb top_divider_style=\u00bbmountains2&#8243; top_divider_color=\u00bb#12876f\u00bb locked=\u00bboff\u00bb][et_pb_row column_structure=\u00bb1_3,1_3,1_3&#8243; _builder_version=\u00bb4.5.7&#8243; _module_preset=\u00bbdefault\u00bb custom_padding=\u00bb3px||7px|||\u00bb][et_pb_column type=\u00bb1_3&#8243; _builder_version=\u00bb4.5.7&#8243; _module_preset=\u00bbdefault\u00bb][et_pb_text _builder_version=\u00bb4.5.7&#8243; _module_preset=\u00bbdefault\u00bb text_font=\u00bbTeko|||on|||||\u00bb text_text_color=\u00bb#ffffff\u00bb text_font_size=\u00bb47px\u00bb header_text_align=\u00bbcenter\u00bb header_2_font=\u00bbTeko||||||||\u00bb header_2_text_align=\u00bbcenter\u00bb header_2_font_size=\u00bb47px\u00bb text_orientation=\u00bbcenter\u00bb custom_margin=\u00bb20px||15px||false|false\u00bb]<span style=\"color: #000000;\">S\u00cdGUENOS<\/span>[\/et_pb_text][\/et_pb_column][et_pb_column type=\u00bb1_3&#8243; _builder_version=\u00bb4.5.7&#8243; _module_preset=\u00bbdefault\u00bb][\/et_pb_column][et_pb_column type=\u00bb1_3&#8243; _builder_version=\u00bb4.5.7&#8243; _module_preset=\u00bbdefault\u00bb][et_pb_social_media_follow use_icon_font_size=\u00bbon\u00bb icon_font_size=\u00bb29px\u00bb _builder_version=\u00bb4.5.7&#8243; _module_preset=\u00bbdefault\u00bb text_orientation_tablet=\u00bb\u00bb text_orientation_phone=\u00bbcenter\u00bb text_orientation_last_edited=\u00bbon|phone\u00bb][et_pb_social_media_follow_network social_network=\u00bbfacebook\u00bb url=\u00bbhttps:\/\/www.facebook.com\/profile.php?id=100083682412142&#8243; _builder_version=\u00bb4.5.7&#8243; _module_preset=\u00bbdefault\u00bb background_color=\u00bb#3b5998&#8243; follow_button=\u00bboff\u00bb url_new_window=\u00bbon\u00bb]facebook[\/et_pb_social_media_follow_network][et_pb_social_media_follow_network social_network=\u00bbinstagram\u00bb url=\u00bbhttps:\/\/www.instagram.com\/gestoria_cardona\/\u00bb _builder_version=\u00bb4.5.7&#8243; _module_preset=\u00bbdefault\u00bb background_color=\u00bb#ea2c59&#8243; follow_button=\u00bboff\u00bb url_new_window=\u00bbon\u00bb]instagram[\/et_pb_social_media_follow_network][\/et_pb_social_media_follow][\/et_pb_column][\/et_pb_row][\/et_pb_section]<\/p>\n","protected":false},"excerpt":{"rendered":"<p>[et_pb_section fb_built=\u00bb1&#8243; _builder_version=\u00bb4.5.7&#8243; _module_preset=\u00bbdefault\u00bb custom_padding=\u00bb6px||0px|||\u00bb][et_pb_row column_structure=\u00bb1_2,1_2&#8243; _builder_version=\u00bb4.5.7&#8243; _module_preset=\u00bbdefault\u00bb custom_padding=\u00bb||5px|||\u00bb][et_pb_column type=\u00bb1_2&#8243; _builder_version=\u00bb4.5.7&#8243; _module_preset=\u00bbdefault\u00bb][et_pb_image src=\u00bbhttps:\/\/gestorscardona.com\/wp-content\/uploads\/2023\/04\/8.png\u00bb title_text=\u00bb8&#8243; _builder_version=\u00bb4.5.7&#8243; _module_preset=\u00bbdefault\u00bb][\/et_pb_image][\/et_pb_column][et_pb_column type=\u00bb1_2&#8243; _builder_version=\u00bb4.5.7&#8243; _module_preset=\u00bbdefault\u00bb][et_pb_button button_url=\u00bbhttps:\/\/wa.me\/message\/WZQHYIVC5XPJC1&#8243; url_new_window=\u00bbon\u00bb button_text=\u00bbQUIERO UNA ASESOR\u00cdA\u00bb button_alignment=\u00bbcenter\u00bb _builder_version=\u00bb4.5.7&#8243; _module_preset=\u00bbdefault\u00bb][\/et_pb_button][et_pb_text _builder_version=\u00bb4.5.7&#8243; _module_preset=\u00bbdefault\u00bb] Si necesitas obtener el carnet internacional, que te permite conducir en pa\u00edses extranjeros, podemos ayudarte con la gesti\u00f3n. \u23f1\ufe0f El tr\u00e1mite tiene un tiempo estimado de [&hellip;]<\/p>\n","protected":false},"author":1,"featured_media":0,"parent":980,"menu_order":3,"comment_status":"closed","ping_status":"closed","template":"","meta":{"_et_pb_use_builder":"on","_et_pb_old_content":"","_et_gb_content_width":"","footnotes":""},"class_list":["post-871","page","type-page","status-publish","hentry"],"_links":{"self":[{"href":"https:\/\/gestorscardona.com\/index.php\/wp-json\/wp\/v2\/pages\/871","targetHints":{"allow":["GET"]}}],"collection":[{"href":"https:\/\/gestorscardona.com\/index.php\/wp-json\/wp\/v2\/pages"}],"about":[{"href":"https:\/\/gestorscardona.com\/index.php\/wp-json\/wp\/v2\/types\/page"}],"author":[{"embeddable":true,"href":"https:\/\/gestorscardona.com\/index.php\/wp-json\/wp\/v2\/users\/1"}],"replies":[{"embeddable":true,"href":"https:\/\/gestorscardona.com\/index.php\/wp-json\/wp\/v2\/comments?post=871"}],"version-history":[{"count":15,"href":"https:\/\/gestorscardona.com\/index.php\/wp-json\/wp\/v2\/pages\/871\/revisions"}],"predecessor-version":[{"id":1019,"href":"https:\/\/gestorscardona.com\/index.php\/wp-json\/wp\/v2\/pages\/871\/revisions\/1019"}],"up":[{"embeddable":true,"href":"https:\/\/gestorscardona.com\/index.php\/wp-json\/wp\/v2\/pages\/980"}],"wp:attachment":[{"href":"https:\/\/gestorscardona.com\/index.php\/wp-json\/wp\/v2\/media?parent=871"}],"curies":[{"name":"wp","href":"https:\/\/api.w.org\/{rel}","templated":true}]}}